{"id":2024,"date":"2021-03-29T10:59:53","date_gmt":"2021-03-29T07:59:53","guid":{"rendered":"https:\/\/www.ferahmedikal.com\/?post_type=product&#038;p=2024"},"modified":"2021-03-29T11:05:19","modified_gmt":"2021-03-29T08:05:19","slug":"canta-tipi-ahsap-masaj-masasi-sari-kirmizi-305","status":"publish","type":"product","link":"http:\/\/www.ferahmedikal.com\/?product=canta-tipi-ahsap-masaj-masasi-sari-kirmizi-305","title":{"rendered":"\u00c7anta Tipi Ah\u015fap Masaj Masas\u0131 Sar\u0131 &#038; K\u0131rm\u0131z\u0131 305"},"content":{"rendered":"<h2 class=\"alpha entry-title\" style=\"text-align: center;\"><span style=\"color: #000000;\"><strong><a style=\"color: #000000;\" href=\"https:\/\/www.ferahmedikal.com\/?p=1582\" rel=\"bookmark\">\u00c7anta Tipi Ah\u015fap Masaj Masas\u0131 Sar\u0131 &amp; K\u0131rm\u0131z\u0131 305<\/a><\/strong><\/span><\/h2>\r\n\u00dcr\u00fcn \u00d6zellikleri:\r\n<ul>\r\n \t<li>\u00dcr\u00fcn vinyl deri, tahta ve kablolardan olu\u015fmaktad\u0131r.<\/li>\r\n \t<li>\u00dcr\u00fcn\u00fcn y\u00fcksekli\u011fi 54 cm ve 84 cm aral\u0131\u011f\u0131nda ayarlanabilir.<\/li>\r\n \t<li>\u00dcr\u00fcn\u00fcn kafa ve el konulan k\u0131s\u0131mlar\u0131 da katlanabilir \u00f6zelli\u011fe sahiptir.<\/li>\r\n \t<li>\u00dcr\u00fcn\u00fcn s\u0131rt \u00fcst\u00fc ve y\u00fcz \u00fcst\u00fc olmak \u00fczere iki \u015fekilde de yatarken ellerinizi koymak i\u00e7in yerleri vard\u0131r.<\/li>\r\n \t<li>\u00dcr\u00fcn\u00fcn kurulumu gayet kolay olup, herhangi bir alete gerek yoktur.<\/li>\r\n \t<li>\u00dcr\u00fcn\u00fcn bir adet kuma\u015f \u00e7antas\u0131 bulunmaktad\u0131r. \u00dcr\u00fcn katlanm\u0131\u015f \u015fekilde bu \u00e7antan\u0131n i\u00e7ine konularak ta\u015f\u0131nabilir.<\/li>\r\n<\/ul>\r\n&nbsp;\r\n\r\n\u00dcr\u00fcn\u00fcn \u00d6l\u00e7\u00fcleri ve A\u011f\u0131rl\u0131\u011f\u0131:\r\n<ul>\r\n \t<li>\u00dcr\u00fcn kurulu iken: 210x65x54\/82 cm<\/li>\r\n \t<li>\u00dcr\u00fcn katl\u0131 iken: 93x65x19 cm<\/li>\r\n \t<li>\u00dcr\u00fcn\u00fcn \u00e7antas\u0131n\u0131n \u00f6l\u00e7\u00fcleri:95x64x21 cm<\/li>\r\n \t<li>\u00dcr\u00fcn\u00fcn a\u011f\u0131rl\u0131\u011f\u0131: 15 Kg<\/li>\r\n \t<li>\u00dcr\u00fcn\u00fcn ta\u015f\u0131ma kapasitesi: 220 Kg<\/li>\r\n<\/ul>","protected":false},"excerpt":{"rendered":"<h2 class=\"alpha entry-title\" style=\"text-align: center;\"><span style=\"color: #000000;\"><strong><a style=\"color: #000000;\" href=\"https:\/\/www.ferahmedikal.com\/?p=1582\" rel=\"bookmark\">\u00c7anta Tipi Ah\u015fap Masaj Masas\u0131 Sar\u0131 &amp; K\u0131rm\u0131z\u0131 305<\/a><\/strong><\/span><\/h2>\r\n\u00dcr\u00fcn \u00d6zellikleri:\r\n<ul>\r\n \t<li>\u00dcr\u00fcn vinyl deri, tahta ve kablolardan olu\u015fmaktad\u0131r.<\/li>\r\n \t<li>\u00dcr\u00fcn\u00fcn y\u00fcksekli\u011fi 54 cm ve 84 cm aral\u0131\u011f\u0131nda ayarlanabilir.<\/li>\r\n \t<li>\u00dcr\u00fcn\u00fcn kafa ve el konulan k\u0131s\u0131mlar\u0131 da katlanabilir \u00f6zelli\u011fe sahiptir.<\/li>\r\n \t<li>\u00dcr\u00fcn\u00fcn s\u0131rt \u00fcst\u00fc ve y\u00fcz \u00fcst\u00fc olmak \u00fczere iki \u015fekilde de yatarken ellerinizi koymak i\u00e7in yerleri vard\u0131r.<\/li>\r\n \t<li>\u00dcr\u00fcn\u00fcn kurulumu gayet kolay olup, herhangi bir alete gerek yoktur.<\/li>\r\n \t<li>\u00dcr\u00fcn\u00fcn bir adet kuma\u015f \u00e7antas\u0131 bulunmaktad\u0131r. \u00dcr\u00fcn katlanm\u0131\u015f \u015fekilde bu \u00e7antan\u0131n i\u00e7ine konularak ta\u015f\u0131nabilir.<\/li>\r\n<\/ul>\r\n&nbsp;\r\n\r\n\u00dcr\u00fcn\u00fcn \u00d6l\u00e7\u00fcleri ve A\u011f\u0131rl\u0131\u011f\u0131:\r\n<ul>\r\n \t<li>\u00dcr\u00fcn kurulu iken: 210x65x54\/82 cm<\/li>\r\n \t<li>\u00dcr\u00fcn katl\u0131 iken: 93x65x19 cm<\/li>\r\n \t<li>\u00dcr\u00fcn\u00fcn \u00e7antas\u0131n\u0131n \u00f6l\u00e7\u00fcleri:95x64x21 cm<\/li>\r\n \t<li>\u00dcr\u00fcn\u00fcn a\u011f\u0131rl\u0131\u011f\u0131: 15 Kg<\/li>\r\n \t<li>\u00dcr\u00fcn\u00fcn ta\u015f\u0131ma kapasitesi: 220 Kg<\/li>\r\n<\/ul>","protected":false},"featured_media":1668,"comment_status":"open","ping_status":"closed","template":"","meta":{"_monsterinsights_skip_tracking":false,"_monsterinsights_sitenote_active":false,"_monsterinsights_sitenote_note":"","_monsterinsights_sitenote_category":0,"jetpack_post_was_ever_published":false,"jetpack_publicize_message":"","jetpack_publicize_feature_enabled":true,"jetpack_social_post_already_shared":true,"jetpack_social_options":{"image_generator_settings":{"template":"highway","enabled":false},"version":2}},"product_cat":[816],"product_tag":[1124,839,840,1167,817,1168,841,842,843,844,845,846,847,848,849,850,851,852,818,853,854,855,856,857,858,859,860,861,1169,1170,1171,1172,1173,1174,1175,1176,1177,862,863,864,865,866,867,819,868,1178,1179,1180,1181,869,870,871,872,873,874,875,876,877,878,879,880,881,882,883,884,885,886,887,888,889,890,891,892,893,894,895,1182,896,897,898,899,1183,900,901,902,903,904,905,906,907,908,909,910,911,912,913,914,820,1122,915,916,917,918,919,920,921,1125,922,923,924,925,926,927,928,929,930,931,932,933,934,935,936,937,938,939,940,941,942,943,944,945,946,947,948,949,1184,1185,950,1126,951,952,1127,953,954,1186,1187,1188,1189,955,1128,1129,1130,956,1190,1191,1192,1193,1194,957,958,959,1131,1132,1133,960,961,962,963,1134,964,965,966,967,968,969,970,971,972,973,974,975,976,977,978,979,980,1165,981,982,983,984,985,986,987,988,989,990,991,992,828,829,1195,993,994,995,996,997,998,999,1000,1001,1002,1003,1004,1005,1006,1007,1008,1009,1010,1196,1011,1012,1013,1014,1015,1016,823,1166,832,1017,1018,1019,1020,1021,1022,1023,1024,1025,1026,1027,1028,1029,1030,1031,1135,1032,1033,1034,1035,1036,1136,1037,1038,1039,1040,1041,1042,1043,1044,1045,1046,833,1047,1048,1049,1050,1051,1052,1053,834,1054,1055,1056,1137,1138,1057,1121,1058,1059,1060,1061,1062,1063,1064,1065,824,1066,1067,1068,1069,1070,1071,1072,1073,1074,1075,1076,1077,1078,1079,1123,838,1080,1081,1082,1083,1084,1139,1085,1086,1087,1088,1089,1140,1090,1141,1091,1092,1093,1094,1095,1203,1096,1097,1098,1099,1100,1101,1102,1103,1104,1105,1106,1107,1108,1142,1109,1110,1111,1112,1113,1197,1198,1199,1200,1114,1143,1115,1116,1117,1118,1119,1144,1145,1146,1201,1202,1147,1148,1149,1150,1151,1152,1153,1154,1155,1156,1157,1158,1159,1160,1161,1162,1163,1164],"class_list":{"0":"post-2024","1":"product","2":"type-product","3":"status-publish","4":"has-post-thumbnail","6":"product_cat-masaj-masasi","7":"product_tag-13-kg-masai-masasi","8":"product_tag-2-el-masaj-masasi","9":"product_tag-840","10":"product_tag-1167","11":"product_tag-305-model","12":"product_tag-650-tl","13":"product_tag-adana","14":"product_tag-adiyaman","15":"product_tag-afyonkarahisar","16":"product_tag-agda","17":"product_tag-agda-masasi","18":"product_tag-agda-masasi-fiyatlari","19":"product_tag-agda-yatagi","20":"product_tag-agri","21":"product_tag-ahsap","22":"product_tag-ahsap-cekmeceli","23":"product_tag-ahsap-katlanabilir","24":"product_tag-ahsap-katlanir-yatak","25":"product_tag-ahsap-masaj-masasi","26":"product_tag-ahsap-masaj-yataklari-olculeri","27":"product_tag-aksaray","28":"product_tag-akuleri","29":"product_tag-akulu-araba-kiralama","30":"product_tag-akulu-masaj-koltugu","31":"product_tag-akulu-sandalye-kiralama","32":"product_tag-akulu-tekerlekli-sandalye","33":"product_tag-aleminyum","34":"product_tag-aleminyum-masaj-masasi","35":"product_tag-alfa","36":"product_tag-alfa-alfa","37":"product_tag-alfa-marka","38":"product_tag-alfa-masaj","39":"product_tag-alfa-masaj-masasi","40":"product_tag-alfa-masaj-sandalyesi","41":"product_tag-alfa-masaj-yatagi","42":"product_tag-alfa-sandalyesi","43":"product_tag-alfa-yatagi","44":"product_tag-aliminyum","45":"product_tag-aliminyum-canta-tipi-masaj-masasi","46":"product_tag-aliminyum-masaj-masasi","47":"product_tag-alman-mali","48":"product_tag-aluminyum","49":"product_tag-aluminyum-canta-tipi-masaj-masasi","50":"product_tag-aluminyum-masaj-masasi","51":"product_tag-amasya","52":"product_tag-ameliyat-icin-kiralik-masaj-masasi","53":"product_tag-ameliyat-icin-kiralik-masaj-sandalyesi","54":"product_tag-ameliyat-sonrasi-kiralik-masaj-masasi","55":"product_tag-ameliyat-sonrasi-kiralik-masaj-sandalyesi","56":"product_tag-ankara","57":"product_tag-ankara-masaj-masasi","58":"product_tag-antalya","59":"product_tag-antalya-masaj-masasi","60":"product_tag-ardahan","61":"product_tag-artvin","62":"product_tag-ates","63":"product_tag-ates-olcer","64":"product_tag-ayakta-masaj","65":"product_tag-ayakta-masaj-icin-masaj-sandalyesi","66":"product_tag-ayarlanabilir-masaj-masasi","67":"product_tag-ayarli-masaj-masasi","68":"product_tag-ayarli-masaj-yatagi","69":"product_tag-aydin","70":"product_tag-balikesir","71":"product_tag-bartin","72":"product_tag-bas-tarafi-ayarlanabilen","73":"product_tag-bas-tarafi-ayarlanabilir","74":"product_tag-batman","75":"product_tag-bayan-icin-masaj-masasi","76":"product_tag-bayan-icin-masaj-yatagi","77":"product_tag-bayanlara-ozel-masaj-masasi","78":"product_tag-bayanlara-ozel-masaj-yatagi","79":"product_tag-bayburt","80":"product_tag-bayram","81":"product_tag-bayram-cevre","82":"product_tag-bej-yastik","83":"product_tag-besiktas","84":"product_tag-beyaz-yastik","85":"product_tag-bilecik","86":"product_tag-bingol","87":"product_tag-bitlis","88":"product_tag-bjk","89":"product_tag-bodrum","90":"product_tag-bolu","91":"product_tag-boru-seklinde-yastik","92":"product_tag-branda-canta","93":"product_tag-branda-tasima-cantasi","94":"product_tag-burdur","95":"product_tag-bursa","96":"product_tag-canakkale","97":"product_tag-cankiri","98":"product_tag-canta-masaj","99":"product_tag-canta-masaj-yatak","100":"product_tag-canta-masaji","101":"product_tag-canta-masasi","102":"product_tag-canta-tipi","103":"product_tag-canta-tipi-katlanabilir-masaj-masasi","104":"product_tag-canta-tipi-masaj-masasi","105":"product_tag-canta-tipi-masaj-masasi-ahsap-mavi-renk-no-201","106":"product_tag-canta-tipi-masaj-yatagi","107":"product_tag-canta-yatak","108":"product_tag-cekmeceli","109":"product_tag-cekmeceli-ahsap","110":"product_tag-cekmeceli-ahsap-masaj-masasi","111":"product_tag-cekmeceli-ahsap-masaj-yatagi","112":"product_tag-celik-telli-masaj-masasi","113":"product_tag-cep-tipi-doppler","114":"product_tag-cilt-bakim-koltugu","115":"product_tag-cilt-bakim-koltuklari","116":"product_tag-cilt-bakim-yatagi","117":"product_tag-cilt-bakimi","118":"product_tag-cok-hafif-masaj-masasi","119":"product_tag-corum","120":"product_tag-denizli","121":"product_tag-diyarbakir","122":"product_tag-dizilere-akulu-arac-kiralama","123":"product_tag-dizilere-filimlere-kiralik-akulu-tekerlekli-sandalye","124":"product_tag-dizilere-kiralik-masaj-masasi","125":"product_tag-dizilere-masaj-masasi","126":"product_tag-dolgu-tekerlekli-sandalye","127":"product_tag-doppler","128":"product_tag-duzce","129":"product_tag-edirne","130":"product_tag-elazig","131":"product_tag-elektrikli","132":"product_tag-elektrikli-masaj-koltugu","133":"product_tag-elektrikli-masaj-masasi","134":"product_tag-elektrikli-masaj-yatagi","135":"product_tag-elektrikli-ve-akulu-masaj-masasi-ve-cilt-bakim-koltugu","136":"product_tag-engelli-arac-kiralama","137":"product_tag-epilasyon-masasi","138":"product_tag-erzincan","139":"product_tag-erzurum","140":"product_tag-eskisehir","141":"product_tag-eve-teslim","142":"product_tag-fb","143":"product_tag-fenerbahce","144":"product_tag-ferah-medikal","145":"product_tag-ferahmedikal","146":"product_tag-fetal-ve-vaskuler-doppler","147":"product_tag-fethiye","148":"product_tag-filimlere-kiralik-masaj-masasi","149":"product_tag-fiyat","150":"product_tag-fiylari","151":"product_tag-galatasaray","152":"product_tag-garantili-ahsap-masaj-masasi","153":"product_tag-garantili-masaj-masasi","154":"product_tag-garantili-masaj-yatagi","155":"product_tag-gaziantep","156":"product_tag-gebe-icin-ozel-masaj-masasi","157":"product_tag-gebe-masaj-masasi","158":"product_tag-gebe-masaj-yatagi","159":"product_tag-giresun","160":"product_tag-goz-ameliyati-icin-kiralik-masaj-masasi","161":"product_tag-goz-ameliyati-icin-kiralik-masaj-sandalyesi","162":"product_tag-goz-ameliyati-sonrasi-kiralik-masaj-masasi","163":"product_tag-goz-ameliyati-sonrasi-kiralik-masaj-sandalyesi","164":"product_tag-gs","165":"product_tag-gumushane","166":"product_tag-hafif-canta-tipi-masaj-masasi","167":"product_tag-hakkari","168":"product_tag-hamile-icin-masaj-masasi","169":"product_tag-hamile-icin-ozel-masaj-yatagi","170":"product_tag-hamile-masa","171":"product_tag-hamile-masaj-masasi","172":"product_tag-hamile-masaj-yatagi","173":"product_tag-hamileler-icin-masaj-masasi","174":"product_tag-hamileler-icin-masaj-yatagi","175":"product_tag-hamileler-icin-ozel-masaj-masasi","176":"product_tag-hatay","177":"product_tag-hepsiburada","178":"product_tag-igdir","179":"product_tag-infrared","180":"product_tag-isparta","181":"product_tag-istanbul","182":"product_tag-istanbul-masaj-masasi","183":"product_tag-ithal-masaj-masasi","184":"product_tag-izmir","185":"product_tag-izmir-masaj-masasi","186":"product_tag-kahramanmaras","187":"product_tag-kapida-odeme","188":"product_tag-karabuk","189":"product_tag-karadeniz","190":"product_tag-karaman","191":"product_tag-kars","192":"product_tag-kastamonu","193":"product_tag-kategoriler-305-model","194":"product_tag-katlanabilir","195":"product_tag-katlanabilir-masaj-masasi","196":"product_tag-katlanabilir-masaj-yatagi","197":"product_tag-katlanir","198":"product_tag-katlanir-masaj-masasi","199":"product_tag-katlanir-masaj-sedyesi","200":"product_tag-katlanir-masaj-yatagi","201":"product_tag-kayseri","202":"product_tag-kilis","203":"product_tag-kiralama","204":"product_tag-kiralik","205":"product_tag-kiralik-masa","206":"product_tag-kiralik-masaj-masasi","207":"product_tag-kiralik-masaj-yatagi","208":"product_tag-kiralik-sandalye","209":"product_tag-kiralik-tekerlekli-sandalyeler","210":"product_tag-kirikkale","211":"product_tag-kirklareli","212":"product_tag-kirsehir","213":"product_tag-kizilotesi-ates-olcer","214":"product_tag-kocaeli","215":"product_tag-konya","216":"product_tag-kusadasi","217":"product_tag-kutahya","218":"product_tag-led","219":"product_tag-malatya","220":"product_tag-manisa","221":"product_tag-mardin","222":"product_tag-marmaris","223":"product_tag-masage-masasi-antalya-almak-icin","224":"product_tag-masaj","225":"product_tag-masaj-aleti","226":"product_tag-masaj-cantasi","227":"product_tag-masaj-cantsi","228":"product_tag-masaj-fiyati","229":"product_tag-masaj-ile-agrilarinizdan-kurtulun","230":"product_tag-masaj-kiralama","231":"product_tag-masaj-koltugu","232":"product_tag-masaj-koltugu-fiyatlari","233":"product_tag-masaj-masalar-satis","234":"product_tag-masaj-masalari","235":"product_tag-masaj-masalari-etiketler-0-536-445-42-76","236":"product_tag-masaj-masasi","237":"product_tag-masaj-masasi-ahsap","238":"product_tag-masaj-masasi-ankara","239":"product_tag-masaj-masasi-antalya","240":"product_tag-masaj-masasi-balikesir","241":"product_tag-masaj-masasi-bodrum","242":"product_tag-masaj-masasi-bolu","243":"product_tag-masaj-masasi-bursa","244":"product_tag-masaj-masasi-canta-tipi","245":"product_tag-masaj-masasi-cantasi","246":"product_tag-masaj-masasi-elektrikli","247":"product_tag-masaj-masasi-ev-tipi","248":"product_tag-masaj-masasi-fethiye","249":"product_tag-masaj-masasi-fiyat","250":"product_tag-masaj-masasi-fiyati","251":"product_tag-masaj-masasi-fiyatlari","252":"product_tag-masaj-masasi-hamile-icin","253":"product_tag-masaj-masasi-icin-boru-yastik","254":"product_tag-masaj-masasi-istanbul","255":"product_tag-masaj-masasi-izmir","256":"product_tag-masaj-masasi-katlanir","257":"product_tag-masaj-masasi-kiralama","258":"product_tag-masaj-masasi-kiralanir","259":"product_tag-masaj-masasi-mersin","260":"product_tag-masaj-masasi-motorlu","261":"product_tag-masaj-masasi-olculeri","262":"product_tag-masaj-masasi-portatif","263":"product_tag-masaj-masasi-profesyonel","264":"product_tag-masaj-masasi-tasima-cantasi","265":"product_tag-masaj-masasi-yalova","266":"product_tag-masaj-masasi-yastigi","267":"product_tag-masaj-minderi","268":"product_tag-masaj-sandalyes-antalya","269":"product_tag-masaj-sandalyesi","270":"product_tag-masaj-sandalyesi-bursa","271":"product_tag-masaj-sandalyesi-fiyati","272":"product_tag-masaj-sandalyesi-istanbul","273":"product_tag-masaj-sandalyesi-siparis","274":"product_tag-masaj-sandalyesi-tavsiye","275":"product_tag-masaj-sedyesi","276":"product_tag-masaj-yastigi","277":"product_tag-masaj-yatagi","278":"product_tag-masaj-yatagi-fiyatlari","279":"product_tag-masaj-yatagi-kiralama","280":"product_tag-masaj-yataklari-fiyatlari","281":"product_tag-masasi-olculeri","282":"product_tag-massage","283":"product_tag-massage-table","284":"product_tag-mavi","285":"product_tag-mavi-yastik","286":"product_tag-mersin","287":"product_tag-meyra","288":"product_tag-mor","289":"product_tag-mor-masaj-masasi","290":"product_tag-mor-masaj-yatagi","291":"product_tag-mor-yastik","292":"product_tag-motorlu-masaj-masasi","293":"product_tag-muayene-masasi","294":"product_tag-muayne-masasi","295":"product_tag-mugla","296":"product_tag-mus","297":"product_tag-nevsehir","298":"product_tag-nigde","299":"product_tag-olcer","300":"product_tag-oloji-yastigi","301":"product_tag-ordu","302":"product_tag-osmaniye","303":"product_tag-portatif","304":"product_tag-portatif-masaj","305":"product_tag-portatif-masaj-masasi","306":"product_tag-profesyonel","307":"product_tag-profesyonel-cilt-bakim-koltugu","308":"product_tag-profesyonel-masaj-masalari-etiketler-0-536-445-42-76","309":"product_tag-profesyonel-masaj-masalari-etiketler-13-kg-masai-masasi","310":"product_tag-profesyonel-masaj-masasi","311":"product_tag-profesyonel-masaj-yatagi","312":"product_tag-refle","313":"product_tag-refleksoloji-yastigi","314":"product_tag-reiki","315":"product_tag-reiki-icin-ozel","316":"product_tag-reiki-masaj-masasi","317":"product_tag-reiki-masaj-yatagi","318":"product_tag-reiki-masasi","319":"product_tag-reiki-yatagi","320":"product_tag-reklamlara-kiralik-masaj-masasi","321":"product_tag-reklamlara-masaj-masasi","322":"product_tag-rize","323":"product_tag-rutubet-onleyici","324":"product_tag-sakarya","325":"product_tag-samsun","326":"product_tag-sandalye-masaji","327":"product_tag-sandalyeli-masaj","328":"product_tag-sanliurfa","329":"product_tag-sari-lacivert","330":"product_tag-satilik","331":"product_tag-satilik-masaj-masasi","332":"product_tag-satilik-masaj-yatagi","333":"product_tag-sedye-masaj","334":"product_tag-sedye-masaji","335":"product_tag-siirt","336":"product_tag-silikajel","337":"product_tag-silindir","338":"product_tag-silindir-seklinde-yastik","339":"product_tag-silindir-yastik","340":"product_tag-sinop","341":"product_tag-sivas","342":"product_tag-sirnak","343":"product_tag-soguk-isik","344":"product_tag-standart","345":"product_tag-standart-masaj-masasi","346":"product_tag-standart-masaj-yatak","347":"product_tag-table","348":"product_tag-tahsilatli","349":"product_tag-taksitle-masaj-masasi","350":"product_tag-taksitle-masaj-yatagi","351":"product_tag-taksitli-masaj-masasi","352":"product_tag-taksitli-masaj-yatagi","353":"product_tag-tasima-cantasi","354":"product_tag-tasinabilir","355":"product_tag-tasinabilir-masaj-masasi","356":"product_tag-tedavi-masaj","357":"product_tag-tedavi-masaji","358":"product_tag-tekerlekli-sandalye","359":"product_tag-tekirdag","360":"product_tag-temassiz-ates-olcer","361":"product_tag-tokat","362":"product_tag-trabzon","363":"product_tag-trabzonspor","364":"product_tag-ts","365":"product_tag-tunceli","366":"product_tag-usak","367":"product_tag-uzaktan-ates-olcer","368":"product_tag-van","369":"product_tag-voit","370":"product_tag-voit-masaj-masasi","371":"product_tag-yalova","372":"product_tag-yastik","373":"product_tag-yastik-masaji","374":"product_tag-yerinde-odeme","375":"product_tag-yerli-uretim","376":"product_tag-yozgat","377":"product_tag-yukseklik-ayarli","378":"product_tag-yukseklik-ayarli-masa","379":"product_tag-yukseklik-ayarli-masaj-masasi","380":"product_tag-yuvarlak-masaj-yastigi","381":"product_tag-yuvarlak-yastik","382":"product_tag-zonguldak","384":"first","385":"instock","386":"taxable","387":"shipping-taxable","388":"product-type-simple"},"jetpack_publicize_connections":[],"jetpack_sharing_enabled":true,"jetpack-related-posts":[],"_links":{"self":[{"href":"http:\/\/www.ferahmedikal.com\/index.php?rest_route=\/wp\/v2\/product\/2024","targetHints":{"allow":["GET"]}}],"collection":[{"href":"http:\/\/www.ferahmedikal.com\/index.php?rest_route=\/wp\/v2\/product"}],"about":[{"href":"http:\/\/www.ferahmedikal.com\/index.php?rest_route=\/wp\/v2\/types\/product"}],"replies":[{"embeddable":true,"href":"http:\/\/www.ferahmedikal.com\/index.php?rest_route=%2Fwp%2Fv2%2Fcomments&post=2024"}],"wp:featuredmedia":[{"embeddable":true,"href":"http:\/\/www.ferahmedikal.com\/index.php?rest_route=\/wp\/v2\/media\/1668"}],"wp:attachment":[{"href":"http:\/\/www.ferahmedikal.com\/index.php?rest_route=%2Fwp%2Fv2%2Fmedia&parent=2024"}],"wp:term":[{"taxonomy":"product_cat","embeddable":true,"href":"http:\/\/www.ferahmedikal.com\/index.php?rest_route=%2Fwp%2Fv2%2Fproduct_cat&post=2024"},{"taxonomy":"product_tag","embeddable":true,"href":"http:\/\/www.ferahmedikal.com\/index.php?rest_route=%2Fwp%2Fv2%2Fproduct_tag&post=2024"}],"curies":[{"name":"wp","href":"https:\/\/api.w.org\/{rel}","templated":true}]}}