{"id":233,"date":"2010-07-16T11:57:31","date_gmt":"2010-07-16T11:57:31","guid":{"rendered":"http:\/\/www.ferahmedikal.com\/?page_id=233"},"modified":"2010-11-19T11:34:12","modified_gmt":"2010-11-19T11:34:12","slug":"akulu-tekerlekli-sandalye-heartway-escape-lx-hp8-model","status":"publish","type":"page","link":"http:\/\/www.ferahmedikal.com\/?page_id=233","title":{"rendered":"AK\u00dcL\u00dc TEKERLEKL\u0130 SANDALYE HEARTWAY ESCAPE LX HP8 MODEL"},"content":{"rendered":"<p style=\"text-align: center;\"><object classid=\"clsid:d27cdb6e-ae6d-11cf-96b8-444553540000\" width=\"426\" height=\"267\" codebase=\"http:\/\/download.macromedia.com\/pub\/shockwave\/cabs\/flash\/swflash.cab#version=6,0,40,0\"><param name=\"swliveconnect\" value=\"true\" \/><param name=\"quality\" value=\"autohigh\" \/><param name=\"wmode\" value=\"transparent\" \/><param name=\"name\" value=\"Heartway escape\" \/><param name=\"src\" value=\"http:\/\/www.ferahmedikal.com\/wp-content\/uploads\/2010\/06\/Heartway-escape-LX-HP8-2.6.swf\" \/><param name=\"align\" value=\"top\" \/><embed type=\"application\/x-shockwave-flash\" width=\"426\" height=\"267\" src=\"http:\/\/www.ferahmedikal.com\/wp-content\/uploads\/2010\/06\/Heartway-escape-LX-HP8-2.6.swf\" swliveconnect=\"true\" wmode=\"transparent\" quality=\"autohigh\" align=\"top\" name=\"Heartway escape\"><\/embed><\/object>\r\n\r\n<p style=\"text-align: center;\"><strong>Yorumlar\u0131n\u0131z\u0131 Yazmay\u0131 Unutmay\u0131n\u0131z..<\/strong><\/p>\r\n<p style=\"text-align: center;\"><strong><strong><strong><strong><strong><strong><strong><strong><strong><strong><strong><strong><strong><strong><strong><strong><strong><strong><strong><strong><strong><span style=\"color: #ff0000;\">ARACI CUMRATES\u0130 ve PAZAR DAH\u0130L G\u00d6RMEYE GELEB\u0130L\u0130RS\u0130N\u0130Z\u2026\r\nTOPTAN SATI\u015eIMIZ VARDIR..\r\n<strong><span style=\"color: #000000;\">HEYET RAPORU GET\u0130R\u0130LD\u0130\u011e\u0130NDE <\/span><\/strong>BU ARACIN <span style=\"color: #000000;\"><em>2,200 TL<\/em> <\/span>sini DEVLET\r\nKAR\u015eILAMAKTADIR DAHA FAZLA B\u0130LG\u0130 \u0130\u00c7\u0130N TELEFON A\u00c7AB\u0130L\u0130RS\u0130N\u0130Z..<\/span><\/strong><\/strong><\/strong><\/strong><\/strong><\/strong><\/strong><\/strong><\/strong><\/strong><\/strong><\/strong><\/strong><\/strong><\/strong><\/strong><\/strong><\/strong><\/strong><\/strong><\/strong><\/p>","protected":false},"excerpt":{"rendered":"<p style=\"text-align: center;\"><object classid=\"clsid:d27cdb6e-ae6d-11cf-96b8-444553540000\" width=\"426\" height=\"267\" codebase=\"http:\/\/download.macromedia.com\/pub\/shockwave\/cabs\/flash\/swflash.cab#version=6,0,40,0\"><param name=\"swliveconnect\" value=\"true\" \/><param name=\"quality\" value=\"autohigh\" \/><param name=\"wmode\" value=\"transparent\" \/><param name=\"name\" value=\"Heartway escape\" \/><param name=\"src\" value=\"http:\/\/www.ferahmedikal.com\/wp-content\/uploads\/2010\/06\/Heartway-escape-LX-HP8-2.6.swf\" \/><param name=\"align\" value=\"top\" \/><embed type=\"application\/x-shockwave-flash\" width=\"426\" height=\"267\" src=\"http:\/\/www.ferahmedikal.com\/wp-content\/uploads\/2010\/06\/Heartway-escape-LX-HP8-2.6.swf\" swliveconnect=\"true\" wmode=\"transparent\" quality=\"autohigh\" align=\"top\" name=\"Heartway escape\"><\/embed><\/object>\r\n\r\n<p style=\"text-align: center;\"><strong>Yorumlar\u0131n\u0131z\u0131 Yazmay\u0131 Unutmay\u0131n\u0131z..<\/strong><\/p>\r\n<p style=\"text-align: center;\"><strong><strong><strong><strong><strong><strong><strong><strong><strong><strong><strong><strong><strong><strong><strong><strong><strong><strong><strong><strong><strong><span style=\"color: #ff0000;\">ARACI CUMRATES\u0130 ve PAZAR DAH\u0130L G\u00d6RMEYE GELEB\u0130L\u0130RS\u0130N\u0130Z\u2026\r\nTOPTAN SATI\u015eIMIZ VARDIR..\r\n<strong><span style=\"color: #000000;\">HEYET RAPORU GET\u0130R\u0130LD\u0130\u011e\u0130NDE <\/span><\/strong>BU ARACIN <span style=\"color: #000000;\"><em>2,200 TL<\/em> <\/span>sini DEVLET\r\nKAR\u015eILAMAKTADIR DAHA FAZLA B\u0130LG\u0130 \u0130\u00c7\u0130N TELEFON A\u00c7AB\u0130L\u0130RS\u0130N\u0130Z..<\/span><\/strong><\/strong><\/strong><\/strong><\/strong><\/strong><\/strong><\/strong><\/strong><\/strong><\/strong><\/strong><\/strong><\/strong><\/strong><\/strong><\/strong><\/strong><\/strong><\/strong><\/strong><\/p>","protected":false},"author":1,"featured_media":18,"parent":0,"menu_order":0,"comment_status":"open","ping_status":"open","template":"","meta":{"_monsterinsights_skip_tracking":false,"_monsterinsights_sitenote_active":false,"_monsterinsights_sitenote_note":"","_monsterinsights_sitenote_category":0,"jetpack_post_was_ever_published":false,"footnotes":""},"class_list":["post-233","page","type-page","status-publish","has-post-thumbnail","hentry"],"jetpack_sharing_enabled":true,"jetpack_shortlink":"https:\/\/wp.me\/P5PXfp-3L","jetpack-related-posts":[],"_links":{"self":[{"href":"http:\/\/www.ferahmedikal.com\/index.php?rest_route=\/wp\/v2\/pages\/233","targetHints":{"allow":["GET"]}}],"collection":[{"href":"http:\/\/www.ferahmedikal.com\/index.php?rest_route=\/wp\/v2\/pages"}],"about":[{"href":"http:\/\/www.ferahmedikal.com\/index.php?rest_route=\/wp\/v2\/types\/page"}],"author":[{"embeddable":true,"href":"http:\/\/www.ferahmedikal.com\/index.php?rest_route=\/wp\/v2\/users\/1"}],"replies":[{"embeddable":true,"href":"http:\/\/www.ferahmedikal.com\/index.php?rest_route=%2Fwp%2Fv2%2Fcomments&post=233"}],"version-history":[{"count":9,"href":"http:\/\/www.ferahmedikal.com\/index.php?rest_route=\/wp\/v2\/pages\/233\/revisions"}],"predecessor-version":[{"id":239,"href":"http:\/\/www.ferahmedikal.com\/index.php?rest_route=\/wp\/v2\/pages\/233\/revisions\/239"}],"wp:featuredmedia":[{"embeddable":true,"href":"http:\/\/www.ferahmedikal.com\/index.php?rest_route=\/wp\/v2\/media\/18"}],"wp:attachment":[{"href":"http:\/\/www.ferahmedikal.com\/index.php?rest_route=%2Fwp%2Fv2%2Fmedia&parent=233"}],"curies":[{"name":"wp","href":"https:\/\/api.w.org\/{rel}","templated":true}]}}